{"id":30,"date":"2025-12-13T18:31:32","date_gmt":"2025-12-13T18:31:32","guid":{"rendered":"https:\/\/marielaurence-casenove.net\/?page_id=30"},"modified":"2025-12-13T18:31:33","modified_gmt":"2025-12-13T18:31:33","slug":"a-propos-de-lauteur","status":"publish","type":"page","link":"https:\/\/marielaurence-casenove.net\/index.php\/a-propos-de-lauteur\/","title":{"rendered":"\u00c0 propos de l&#8217;auteur"},"content":{"rendered":"\n<h3 class=\"wp-block-heading\"><a class=\"a-size-medium a-link-normal a-text-normal\" href=\"https:\/\/www.amazon.fr\/Marie-Laurence-Casenove\/e\/B0FPBBZN5N\/ref=aufs_dp_mata_mbl\">Marie-Laurence Casenove<\/a><\/h3>\n\n\n\n<figure class=\"wp-block-image\"><a class=\"a-link-normal a-text-normal\" href=\"https:\/\/www.amazon.fr\/Marie-Laurence-Casenove\/e\/B0FPBBZN5N\/ref=aufs_dp_mata_mbl\"><img decoding=\"async\" src=\"https:\/\/m.media-amazon.com\/images\/S\/amzn-author-media-prod\/4hl7agfvoq6bbpk1ibndad0pvj._SY600_.jpg\" alt=\"Marie-Laurence Casenove\"\/><\/a><figcaption class=\"wp-element-caption\">Marie-Laurence <\/figcaption><\/figure>\n\n\n\n<p>Marie-Laurence Casenove est informaticienne de formation. Curieuse du monde et passionn\u00e9e par les mots, elle grandit dans une famille d\u2019enseignants, entre savoirs et silences.&nbsp;<\/p>\n\n\n\n<p>En 2011, elle perd brutalement la vue. Elle apprend le braille, puis approfondit son usage pendant le confinement. Elle fonde un cercle de lecture, renouant avec la litt\u00e9rature comme on retrouve un souffle.&nbsp;<\/p>\n\n\n\n<p>Son premier roman est un hommage \u00e0 ceux qui accompagnent sans mode d\u2019emploi, \u00e0 ceux qui aiment \u00e0 t\u00e2tons, et \u00e0 la lumi\u00e8re qui surgit parfois au c\u0153ur de l\u2019obscurit\u00e9.<\/p>\n\n\n\n<p>Auteure en devenir, elle explore avec sensibilit\u00e9 et justesse les nuances de l\u2019\u00e2me humaine, les liens invisibles entre les \u00eatres, et les instants suspendus du quotidien.&nbsp;<\/p>\n\n\n\n<p>Apr\u00e8s des ann\u00e9es \u00e0 cultiver son imaginaire dans l\u2019ombre, elle d\u00e9cide de partager ses textes avec le monde, port\u00e9e par le d\u00e9sir de toucher, de faire r\u00e9fl\u00e9chir, et parfois de bousculer. Son premier ouvrage, publi\u00e9 sur Amazon, marque le d\u00e9but d\u2019un parcours litt\u00e9raire qu\u2019elle construit avec sinc\u00e9rit\u00e9 et audace.<\/p>\n\n\n\n<p>Quand elle n\u2019\u00e9crit pas, Marie-Laurence aime observer les gens, \u00e9couter le silence, et se perdre dans les pages des autres. Elle croit au pouvoir des histoires pour r\u00e9parer, relier et r\u00e9v\u00e9ler.<\/p>\n","protected":false},"excerpt":{"rendered":"<p>Marie-Laurence Casenove Marie-Laurence Casenove est informaticienne de formation. Curieuse du monde et passionn\u00e9e par les mots, elle grandit dans une famille d\u2019enseignants, entre savoirs et silences.&nbsp; En 2011, elle perd brutalement la vue. Elle apprend le braille, puis approfondit son usage pendant le confinement. Elle fonde un cercle de lecture, renouant avec la litt\u00e9rature comme [&hellip;]<\/p>\n","protected":false},"author":1,"featured_media":0,"parent":0,"menu_order":0,"comment_status":"closed","ping_status":"closed","template":"","meta":{"footnotes":""},"class_list":["post-30","page","type-page","status-publish","hentry"],"_links":{"self":[{"href":"https:\/\/marielaurence-casenove.net\/index.php\/wp-json\/wp\/v2\/pages\/30","targetHints":{"allow":["GET"]}}],"collection":[{"href":"https:\/\/marielaurence-casenove.net\/index.php\/wp-json\/wp\/v2\/pages"}],"about":[{"href":"https:\/\/marielaurence-casenove.net\/index.php\/wp-json\/wp\/v2\/types\/page"}],"author":[{"embeddable":true,"href":"https:\/\/marielaurence-casenove.net\/index.php\/wp-json\/wp\/v2\/users\/1"}],"replies":[{"embeddable":true,"href":"https:\/\/marielaurence-casenove.net\/index.php\/wp-json\/wp\/v2\/comments?post=30"}],"version-history":[{"count":1,"href":"https:\/\/marielaurence-casenove.net\/index.php\/wp-json\/wp\/v2\/pages\/30\/revisions"}],"predecessor-version":[{"id":31,"href":"https:\/\/marielaurence-casenove.net\/index.php\/wp-json\/wp\/v2\/pages\/30\/revisions\/31"}],"wp:attachment":[{"href":"https:\/\/marielaurence-casenove.net\/index.php\/wp-json\/wp\/v2\/media?parent=30"}],"curies":[{"name":"wp","href":"https:\/\/api.w.org\/{rel}","templated":true}]}}